{"id":617,"date":"2020-04-03T16:10:28","date_gmt":"2020-04-03T14:10:28","guid":{"rendered":"https:\/\/test2.brainlit.cust.commerz.se\/?page_id=617"},"modified":"2024-06-11T10:13:50","modified_gmt":"2024-06-11T08:13:50","slug":"sustainability","status":"publish","type":"page","link":"https:\/\/www.brainlit.com\/sv\/about-us\/sustainability\/","title":{"rendered":"H\u00e5llbarhet"},"content":{"rendered":"<div data-elementor-type=\"wp-page\" data-elementor-id=\"617\" class=\"elementor elementor-617\" data-elementor-post-type=\"page\">\n\t\t\t\t\t\t<section class=\"elementor-section elementor-top-section elementor-element elementor-element-13e9f8d elementor-section-full_width elementor-section-stretched elementor-section-height-default elementor-section-height-default\" data-id=\"13e9f8d\" data-element_type=\"section\" data-e-type=\"section\" data-settings=\"{&quot;stretch_section&quot;:&quot;section-stretched&quot;,&quot;background_background&quot;:&quot;classic&quot;}\">\n\t\t\t\t\t\t<div class=\"elementor-container elementor-column-gap-default\">\n\t\t\t\t\t<div class=\"aux-parallax-section elementor-column elementor-col-100 elementor-top-column elementor-element elementor-element-e86504c\" data-id=\"e86504c\" data-element_type=\"column\" data-e-type=\"column\">\n\t\t\t<div class=\"elementor-widget-wrap elementor-element-populated\">\n\t\t\t\t\t\t<div class=\"elementor-element elementor-element-736da71 elementor-widget elementor-widget-heading\" data-id=\"736da71\" data-element_type=\"widget\" data-e-type=\"widget\" data-widget_type=\"heading.default\">\n\t\t\t\t<div class=\"elementor-widget-container\">\n\t\t\t\t\t<h1 class=\"elementor-heading-title elementor-size-default\">H\u00e5llbarhet<\/h1>\t\t\t\t<\/div>\n\t\t\t\t<\/div>\n\t\t\t\t\t<\/div>\n\t\t<\/div>\n\t\t\t\t\t<\/div>\n\t\t<\/section>\n\t\t\t\t<section class=\"elementor-section elementor-top-section elementor-element elementor-element-adf7075 elementor-section-stretched elementor-section-full_width elementor-section-height-default elementor-section-height-default\" data-id=\"adf7075\" data-element_type=\"section\" data-e-type=\"section\" data-settings=\"{&quot;stretch_section&quot;:&quot;section-stretched&quot;,&quot;background_background&quot;:&quot;classic&quot;}\">\n\t\t\t\t\t\t<div class=\"elementor-container elementor-column-gap-wide\">\n\t\t\t\t\t<div class=\"aux-parallax-section elementor-column elementor-col-50 elementor-top-column elementor-element elementor-element-88e3a0c\" data-id=\"88e3a0c\" data-element_type=\"column\" data-e-type=\"column\">\n\t\t\t<div class=\"elementor-widget-wrap elementor-element-populated\">\n\t\t\t\t\t\t<div class=\"elementor-element elementor-element-dfb6cff elementor-hidden-phone elementor-widget elementor-widget-image\" data-id=\"dfb6cff\" data-element_type=\"widget\" data-e-type=\"widget\" data-widget_type=\"image.default\">\n\t\t\t\t<div class=\"elementor-widget-container\">\n\t\t\t\t\t\t\t\t\t\t\t\t\t\t\t<img fetchpriority=\"high\" decoding=\"async\" width=\"800\" height=\"800\" src=\"https:\/\/www.brainlit.com\/wp-content\/uploads\/2024\/04\/Sustainability-1.jpg\" class=\"attachment-full size-full wp-image-22398\" alt=\"Sustainability at BrainLit\" srcset=\"https:\/\/www.brainlit.com\/wp-content\/uploads\/2024\/04\/Sustainability-1.jpg 800w, https:\/\/www.brainlit.com\/wp-content\/uploads\/2024\/04\/Sustainability-1-300x300.jpg 300w, https:\/\/www.brainlit.com\/wp-content\/uploads\/2024\/04\/Sustainability-1-150x150.jpg 150w, https:\/\/www.brainlit.com\/wp-content\/uploads\/2024\/04\/Sustainability-1-768x768.jpg 768w, https:\/\/www.brainlit.com\/wp-content\/uploads\/2024\/04\/Sustainability-1-12x12.jpg 12w\" sizes=\"(max-width: 800px) 100vw, 800px\" \/>\t\t\t\t\t\t\t\t\t\t\t\t\t\t\t<\/div>\n\t\t\t\t<\/div>\n\t\t\t\t\t<\/div>\n\t\t<\/div>\n\t\t\t\t<div class=\"aux-parallax-section elementor-column elementor-col-50 elementor-top-column elementor-element elementor-element-6aa9007\" data-id=\"6aa9007\" data-element_type=\"column\" data-e-type=\"column\">\n\t\t\t<div class=\"elementor-widget-wrap elementor-element-populated\">\n\t\t\t\t\t\t<div class=\"elementor-element elementor-element-655b095 elementor-widget elementor-widget-heading\" data-id=\"655b095\" data-element_type=\"widget\" data-e-type=\"widget\" data-widget_type=\"heading.default\">\n\t\t\t\t<div class=\"elementor-widget-container\">\n\t\t\t\t\t<h2 class=\"elementor-heading-title elementor-size-default\">H\u00e4lsosamt ljus f\u00f6r ett b\u00e4ttre liv<\/h2>\t\t\t\t<\/div>\n\t\t\t\t<\/div>\n\t\t\t\t<div class=\"elementor-element elementor-element-de45cc2 elementor-widget elementor-widget-text-editor\" data-id=\"de45cc2\" data-element_type=\"widget\" data-e-type=\"widget\" data-widget_type=\"text-editor.default\">\n\t\t\t\t<div class=\"elementor-widget-container\">\n\t\t\t\t\t\t\t\t\t<p class=\"p1\">Vi \u00e4r stolta \u00f6ver v\u00e5r engagemang f\u00f6r h\u00e5llbarhet och ansvarstagande i allt vi g\u00f6r och vi str\u00e4var efter att hj\u00e4lpa v\u00e5ra kunder att f\u00f6rb\u00e4ttra sina belysningsmilj\u00f6er p\u00e5 ett h\u00e5llbart s\u00e4tt.\u00a0<\/p><p>Vi st\u00f6djer UNs <a href=\"https:\/\/sdgs.un.org\/goals\" target=\"_blank\" rel=\"noopener\">17 m\u00e5l f\u00f6r h\u00e5llbar utveckling<\/a>, Genom att f\u00f6lja dessa riktlinjer str\u00e4var vi efter att agera p\u00e5 ett ansvarsfullt s\u00e4tt i alla aspekter av v\u00e5rt f\u00f6retag och v\u00e5r verksamhet.<\/p>\t\t\t\t\t\t\t\t<\/div>\n\t\t\t\t<\/div>\n\t\t\t\t\t<\/div>\n\t\t<\/div>\n\t\t\t\t\t<\/div>\n\t\t<\/section>\n\t\t\t\t<section class=\"elementor-section elementor-top-section elementor-element elementor-element-a62b4ce elementor-section-full_width elementor-section-stretched elementor-hidden-desktop elementor-hidden-tablet elementor-section-height-default elementor-section-height-default\" data-id=\"a62b4ce\" data-element_type=\"section\" data-e-type=\"section\" data-settings=\"{&quot;stretch_section&quot;:&quot;section-stretched&quot;}\">\n\t\t\t\t\t\t<div class=\"elementor-container elementor-column-gap-default\">\n\t\t\t\t\t<div class=\"aux-parallax-section elementor-column elementor-col-100 elementor-top-column elementor-element elementor-element-99c6a6a\" data-id=\"99c6a6a\" data-element_type=\"column\" data-e-type=\"column\">\n\t\t\t<div class=\"elementor-widget-wrap elementor-element-populated\">\n\t\t\t\t\t\t<div class=\"elementor-element elementor-element-8d948ad elementor-widget elementor-widget-image\" data-id=\"8d948ad\" data-element_type=\"widget\" data-e-type=\"widget\" data-widget_type=\"image.default\">\n\t\t\t\t<div class=\"elementor-widget-container\">\n\t\t\t\t\t\t\t\t\t\t\t\t\t\t\t<img decoding=\"async\" width=\"800\" height=\"800\" src=\"https:\/\/www.brainlit.com\/wp-content\/uploads\/2024\/04\/Sustainability-1.jpg\" class=\"attachment-large size-large wp-image-22398\" alt=\"Sustainability at BrainLit\" srcset=\"https:\/\/www.brainlit.com\/wp-content\/uploads\/2024\/04\/Sustainability-1.jpg 800w, https:\/\/www.brainlit.com\/wp-content\/uploads\/2024\/04\/Sustainability-1-300x300.jpg 300w, https:\/\/www.brainlit.com\/wp-content\/uploads\/2024\/04\/Sustainability-1-150x150.jpg 150w, https:\/\/www.brainlit.com\/wp-content\/uploads\/2024\/04\/Sustainability-1-768x768.jpg 768w, https:\/\/www.brainlit.com\/wp-content\/uploads\/2024\/04\/Sustainability-1-12x12.jpg 12w\" sizes=\"(max-width: 800px) 100vw, 800px\" \/>\t\t\t\t\t\t\t\t\t\t\t\t\t\t\t<\/div>\n\t\t\t\t<\/div>\n\t\t\t\t\t<\/div>\n\t\t<\/div>\n\t\t\t\t\t<\/div>\n\t\t<\/section>\n\t\t\t\t<section class=\"elementor-section elementor-top-section elementor-element elementor-element-096dd23 elementor-section-stretched elementor-section-full_width elementor-section-height-default elementor-section-height-default\" data-id=\"096dd23\" data-element_type=\"section\" data-e-type=\"section\" data-settings=\"{&quot;stretch_section&quot;:&quot;section-stretched&quot;,&quot;background_background&quot;:&quot;classic&quot;}\">\n\t\t\t\t\t\t<div class=\"elementor-container elementor-column-gap-wide\">\n\t\t\t\t\t<div class=\"aux-parallax-section elementor-column elementor-col-50 elementor-top-column elementor-element elementor-element-180d866\" data-id=\"180d866\" data-element_type=\"column\" data-e-type=\"column\">\n\t\t\t<div class=\"elementor-widget-wrap elementor-element-populated\">\n\t\t\t\t\t\t<div class=\"elementor-element elementor-element-c13ccfa elementor-widget elementor-widget-heading\" data-id=\"c13ccfa\" data-element_type=\"widget\" data-e-type=\"widget\" data-widget_type=\"heading.default\">\n\t\t\t\t<div class=\"elementor-widget-container\">\n\t\t\t\t\t<h2 class=\"elementor-heading-title elementor-size-default\">BrainLit-armaturer<\/h2>\t\t\t\t<\/div>\n\t\t\t\t<\/div>\n\t\t\t\t<div class=\"elementor-element elementor-element-f63033f elementor-widget elementor-widget-text-editor\" data-id=\"f63033f\" data-element_type=\"widget\" data-e-type=\"widget\" data-widget_type=\"text-editor.default\">\n\t\t\t\t<div class=\"elementor-widget-container\">\n\t\t\t\t\t\t\t\t\t<p>BrainLit-armaturer uppfyller EU:s krav och <a href=\"https:\/\/ec.europa.eu\/growth\/industry\/sustainability\/sustainable-product-policy-ecodesign_en\" target=\"_blank\" rel=\"noopener\">Direktivet om ekodesign databas<\/a> genom att de \u00e4r registrerade i den europeiska produktdatabasen f\u00f6r energim\u00e4rkning (EPRELs) <a href=\"https:\/\/ec.europa.eu\/info\/energy-climate-change-environment\/standards-tools-and-labels\/products-labelling-rules-and-requirements\/energy-label-and-ecodesign\/product-database_en\" target=\"_blank\" rel=\"noopener\">database<\/a>.<\/p><p>F\u00f6rutom att uppfylla EU:s krav, \u00e4r BrainLits Biocentriska armaturer ocks\u00e5 utvecklade f\u00f6r att uppn\u00e5 en optimal balans mellan maximal cirkadisk p\u00e5verkan och maximal energieffektivitet. Dessa armaturer \u00e4r speciellt utformade f\u00f6r att efterlikna det naturliga dagsljuset, vilket kan f\u00f6rb\u00e4ttra h\u00e4lsan och v\u00e4lbefinnandet hos m\u00e4nniskor som vistas i belysningen.<\/p>\t\t\t\t\t\t\t\t<\/div>\n\t\t\t\t<\/div>\n\t\t\t\t\t<\/div>\n\t\t<\/div>\n\t\t\t\t<div class=\"aux-parallax-section elementor-column elementor-col-50 elementor-top-column elementor-element elementor-element-f1a859e\" data-id=\"f1a859e\" data-element_type=\"column\" data-e-type=\"column\">\n\t\t\t<div class=\"elementor-widget-wrap elementor-element-populated\">\n\t\t\t\t\t\t<div class=\"elementor-element elementor-element-dd83664 elementor-hidden-phone elementor-widget elementor-widget-image\" data-id=\"dd83664\" data-element_type=\"widget\" data-e-type=\"widget\" data-widget_type=\"image.default\">\n\t\t\t\t<div class=\"elementor-widget-container\">\n\t\t\t\t\t\t\t\t\t\t\t\t\t\t\t<img decoding=\"async\" width=\"800\" height=\"800\" src=\"https:\/\/www.brainlit.com\/wp-content\/uploads\/2024\/04\/About-BrainLit-2.jpg\" class=\"attachment-full size-full wp-image-22368\" alt=\"\" srcset=\"https:\/\/www.brainlit.com\/wp-content\/uploads\/2024\/04\/About-BrainLit-2.jpg 800w, https:\/\/www.brainlit.com\/wp-content\/uploads\/2024\/04\/About-BrainLit-2-300x300.jpg 300w, https:\/\/www.brainlit.com\/wp-content\/uploads\/2024\/04\/About-BrainLit-2-150x150.jpg 150w, https:\/\/www.brainlit.com\/wp-content\/uploads\/2024\/04\/About-BrainLit-2-768x768.jpg 768w, https:\/\/www.brainlit.com\/wp-content\/uploads\/2024\/04\/About-BrainLit-2-12x12.jpg 12w\" sizes=\"(max-width: 800px) 100vw, 800px\" \/>\t\t\t\t\t\t\t\t\t\t\t\t\t\t\t<\/div>\n\t\t\t\t<\/div>\n\t\t\t\t\t<\/div>\n\t\t<\/div>\n\t\t\t\t\t<\/div>\n\t\t<\/section>\n\t\t\t\t<section class=\"elementor-section elementor-top-section elementor-element elementor-element-1667259 elementor-section-stretched elementor-section-full_width elementor-section-height-default elementor-section-height-default\" data-id=\"1667259\" data-element_type=\"section\" data-e-type=\"section\" data-settings=\"{&quot;stretch_section&quot;:&quot;section-stretched&quot;,&quot;background_background&quot;:&quot;classic&quot;}\">\n\t\t\t\t\t\t<div class=\"elementor-container elementor-column-gap-wide\">\n\t\t\t\t\t<div class=\"aux-parallax-section elementor-column elementor-col-50 elementor-top-column elementor-element elementor-element-c752dab\" data-id=\"c752dab\" data-element_type=\"column\" data-e-type=\"column\">\n\t\t\t<div class=\"elementor-widget-wrap elementor-element-populated\">\n\t\t\t\t\t\t<div class=\"elementor-element elementor-element-d5c4c5c elementor-widget elementor-widget-image\" data-id=\"d5c4c5c\" data-element_type=\"widget\" data-e-type=\"widget\" data-widget_type=\"image.default\">\n\t\t\t\t<div class=\"elementor-widget-container\">\n\t\t\t\t\t\t\t\t\t\t\t\t\t\t\t<img loading=\"lazy\" decoding=\"async\" width=\"800\" height=\"800\" src=\"https:\/\/www.brainlit.com\/wp-content\/uploads\/2024\/04\/Sustainability-2.jpg\" class=\"attachment-full size-full wp-image-22399\" alt=\"Certifieringar\" srcset=\"https:\/\/www.brainlit.com\/wp-content\/uploads\/2024\/04\/Sustainability-2.jpg 800w, https:\/\/www.brainlit.com\/wp-content\/uploads\/2024\/04\/Sustainability-2-300x300.jpg 300w, https:\/\/www.brainlit.com\/wp-content\/uploads\/2024\/04\/Sustainability-2-150x150.jpg 150w, https:\/\/www.brainlit.com\/wp-content\/uploads\/2024\/04\/Sustainability-2-768x768.jpg 768w, https:\/\/www.brainlit.com\/wp-content\/uploads\/2024\/04\/Sustainability-2-12x12.jpg 12w\" sizes=\"(max-width: 800px) 100vw, 800px\" \/>\t\t\t\t\t\t\t\t\t\t\t\t\t\t\t<\/div>\n\t\t\t\t<\/div>\n\t\t\t\t\t<\/div>\n\t\t<\/div>\n\t\t\t\t<div class=\"aux-parallax-section elementor-column elementor-col-50 elementor-top-column elementor-element elementor-element-c7e7ac2\" data-id=\"c7e7ac2\" data-element_type=\"column\" data-e-type=\"column\">\n\t\t\t<div class=\"elementor-widget-wrap elementor-element-populated\">\n\t\t\t\t\t\t<div class=\"elementor-element elementor-element-5e83adf elementor-widget elementor-widget-heading\" data-id=\"5e83adf\" data-element_type=\"widget\" data-e-type=\"widget\" data-widget_type=\"heading.default\">\n\t\t\t\t<div class=\"elementor-widget-container\">\n\t\t\t\t\t<h2 class=\"elementor-heading-title elementor-size-default\">Milj\u00f6certifieringar och milj\u00f6standarder<\/h2>\t\t\t\t<\/div>\n\t\t\t\t<\/div>\n\t\t\t\t<div class=\"elementor-element elementor-element-b2a0e6f elementor-widget elementor-widget-text-editor\" data-id=\"b2a0e6f\" data-element_type=\"widget\" data-e-type=\"widget\" data-widget_type=\"text-editor.default\">\n\t\t\t\t<div class=\"elementor-widget-container\">\n\t\t\t\t\t\t\t\t\t<p>BrainLit samarbetar med entrepren\u00f6rer och fastighets\u00e4gare f\u00f6r att planera och genomf\u00f6ra belysningsl\u00f6sningar som uppfyller olika milj\u00f6certifieringsstandarder, s\u00e5som LEED, BREEAM och WELL. Dessa certifieringar \u00e4r utformade f\u00f6r att uppfylla specifika behov f\u00f6r fastighets\u00e4gare och hyresg\u00e4ster och hj\u00e4lpa till att s\u00e4kerst\u00e4lla en h\u00e5llbar och h\u00e4lsosam arbetsmilj\u00f6.<\/p>\t\t\t\t\t\t\t\t<\/div>\n\t\t\t\t<\/div>\n\t\t\t\t\t<\/div>\n\t\t<\/div>\n\t\t\t\t\t<\/div>\n\t\t<\/section>\n\t\t\t\t<section class=\"elementor-section elementor-top-section elementor-element elementor-element-dc4dc70 elementor-section-stretched elementor-section-full_width elementor-section-height-default elementor-section-height-default\" data-id=\"dc4dc70\" data-element_type=\"section\" data-e-type=\"section\" data-settings=\"{&quot;stretch_section&quot;:&quot;section-stretched&quot;,&quot;background_background&quot;:&quot;classic&quot;}\">\n\t\t\t\t\t\t<div class=\"elementor-container elementor-column-gap-wide\">\n\t\t\t\t\t<div class=\"aux-parallax-section elementor-column elementor-col-50 elementor-top-column elementor-element elementor-element-3e95601\" data-id=\"3e95601\" data-element_type=\"column\" data-e-type=\"column\">\n\t\t\t<div class=\"elementor-widget-wrap elementor-element-populated\">\n\t\t\t\t\t\t<div class=\"elementor-element elementor-element-3cacaf6 elementor-widget elementor-widget-heading\" data-id=\"3cacaf6\" data-element_type=\"widget\" data-e-type=\"widget\" data-widget_type=\"heading.default\">\n\t\t\t\t<div class=\"elementor-widget-container\">\n\t\t\t\t\t<h2 class=\"elementor-heading-title elementor-size-default\">Cirkadisk effekt<\/h2>\t\t\t\t<\/div>\n\t\t\t\t<\/div>\n\t\t\t\t<div class=\"elementor-element elementor-element-6b2e6ee elementor-widget elementor-widget-text-editor\" data-id=\"6b2e6ee\" data-element_type=\"widget\" data-e-type=\"widget\" data-widget_type=\"text-editor.default\">\n\t\t\t\t<div class=\"elementor-widget-container\">\n\t\t\t\t\t\t\t\t\t<p>BrainLits armaturer och system \u00e4r designade f\u00f6r att ge en h\u00f6g cirkadisk p\u00e5verkan p\u00e5 m\u00e4nniskors s\u00f6mn- och vakencykel. Cirkadisk p\u00e5verkan m\u00e4ts som en procentandel i f\u00f6rh\u00e5llande till standarddagsljus (Daylight Efficacy Ratio, DER) och BrainLit-armaturerna uppn\u00e5r en relativ effekt mellan 18-108% DER i en enda armatur.\u00a0<\/p>\t\t\t\t\t\t\t\t<\/div>\n\t\t\t\t<\/div>\n\t\t\t\t\t<\/div>\n\t\t<\/div>\n\t\t\t\t<div class=\"aux-parallax-section elementor-column elementor-col-50 elementor-top-column elementor-element elementor-element-bf977dd\" data-id=\"bf977dd\" data-element_type=\"column\" data-e-type=\"column\">\n\t\t\t<div class=\"elementor-widget-wrap elementor-element-populated\">\n\t\t\t\t\t\t<div class=\"elementor-element elementor-element-242cfde elementor-widget elementor-widget-heading\" data-id=\"242cfde\" data-element_type=\"widget\" data-e-type=\"widget\" data-widget_type=\"heading.default\">\n\t\t\t\t<div class=\"elementor-widget-container\">\n\t\t\t\t\t<h2 class=\"elementor-heading-title elementor-size-default\">Energieffektivitet<\/h2>\t\t\t\t<\/div>\n\t\t\t\t<\/div>\n\t\t\t\t<div class=\"elementor-element elementor-element-9968780 elementor-widget elementor-widget-text-editor\" data-id=\"9968780\" data-element_type=\"widget\" data-e-type=\"widget\" data-widget_type=\"text-editor.default\">\n\t\t\t\t<div class=\"elementor-widget-container\">\n\t\t\t\t\t\t\t\t\t<p>Energieffektivitet \u00e4r ett vanligt uttryck f\u00f6r hur v\u00e4l en ljusk\u00e4lla utnyttjar energin den f\u00f6rbrukar. Det m\u00e4ts vanligtvis som ljusutbyte i lumen per watt (lm\/W). V\u00e5ra BCL-armaturer uppn\u00e5r redan  en h\u00f6g effektivitet p\u00e5 upp till 110 lm\/W vid ett f\u00e4rg\u00e5tergivningsindex (CRI) p\u00e5 90 och en f\u00e4rgtemperatur p\u00e5 2700K. N\u00e4sta generationens ljusk\u00e4llor som h\u00e5ller p\u00e5 att utvecklas kommer att \u00f6vertr\u00e4ffa dessa gr\u00e4nser b\u00e5de n\u00e4r det g\u00e4ller energieffektivitet och cirkadisk p\u00e5verkan.<\/p>\t\t\t\t\t\t\t\t<\/div>\n\t\t\t\t<\/div>\n\t\t\t\t\t<\/div>\n\t\t<\/div>\n\t\t\t\t\t<\/div>\n\t\t<\/section>\n\t\t\t\t<section class=\"elementor-section elementor-top-section elementor-element elementor-element-74d8b8e elementor-section-stretched elementor-section-boxed elementor-section-height-default elementor-section-height-default\" data-id=\"74d8b8e\" data-element_type=\"section\" data-e-type=\"section\" data-settings=\"{&quot;stretch_section&quot;:&quot;section-stretched&quot;,&quot;background_background&quot;:&quot;classic&quot;}\">\n\t\t\t\t\t\t<div class=\"elementor-container elementor-column-gap-wide\">\n\t\t\t\t\t<div class=\"aux-parallax-section elementor-column elementor-col-100 elementor-top-column elementor-element elementor-element-c01b5ad\" data-id=\"c01b5ad\" data-element_type=\"column\" data-e-type=\"column\">\n\t\t\t<div class=\"elementor-widget-wrap elementor-element-populated\">\n\t\t\t\t\t\t<div class=\"elementor-element elementor-element-6b998db elementor-widget elementor-widget-heading\" data-id=\"6b998db\" data-element_type=\"widget\" data-e-type=\"widget\" data-widget_type=\"heading.default\">\n\t\t\t\t<div class=\"elementor-widget-container\">\n\t\t\t\t\t<h2 class=\"elementor-heading-title elementor-size-default\">Material att ladda ner<\/h2>\t\t\t\t<\/div>\n\t\t\t\t<\/div>\n\t\t\t\t<section class=\"elementor-section elementor-inner-section elementor-element elementor-element-f3ebeab elementor-section-boxed elementor-section-height-default elementor-section-height-default\" data-id=\"f3ebeab\" data-element_type=\"section\" data-e-type=\"section\">\n\t\t\t\t\t\t<div class=\"elementor-container elementor-column-gap-default\">\n\t\t\t\t\t<div class=\"aux-parallax-section elementor-column elementor-col-100 elementor-inner-column elementor-element elementor-element-2d3f096\" data-id=\"2d3f096\" data-element_type=\"column\" data-e-type=\"column\">\n\t\t\t<div class=\"elementor-widget-wrap elementor-element-populated\">\n\t\t\t\t\t\t<div class=\"elementor-element elementor-element-a04658f elementor-align-center elementor-icon-list--layout-traditional elementor-list-item-link-full_width elementor-widget elementor-widget-icon-list\" data-id=\"a04658f\" data-element_type=\"widget\" data-e-type=\"widget\" data-widget_type=\"icon-list.default\">\n\t\t\t\t<div class=\"elementor-widget-container\">\n\t\t\t\t\t\t\t<ul class=\"elementor-icon-list-items\">\n\t\t\t\t\t\t\t<li class=\"elementor-icon-list-item\">\n\t\t\t\t\t\t\t\t\t\t\t<a href=\"https:\/\/www.brainlit.com\/wp-content\/uploads\/2024\/05\/A-brighter-future_ENG_2024_05_29-compressed.pdf\">\n\n\t\t\t\t\t\t\t\t\t\t\t\t<span class=\"elementor-icon-list-icon\">\n\t\t\t\t\t\t\t<i aria-hidden=\"true\" class=\"far fa-file-pdf\"><\/i>\t\t\t\t\t\t<\/span>\n\t\t\t\t\t\t\t\t\t\t<span class=\"elementor-icon-list-text\">A brighter future (ENG)<\/span>\n\t\t\t\t\t\t\t\t\t\t\t<\/a>\n\t\t\t\t\t\t\t\t\t<\/li>\n\t\t\t\t\t\t<\/ul>\n\t\t\t\t\t\t<\/div>\n\t\t\t\t<\/div>\n\t\t\t\t<div class=\"elementor-element elementor-element-546f922 elementor-align-center elementor-icon-list--layout-traditional elementor-list-item-link-full_width elementor-widget elementor-widget-icon-list\" data-id=\"546f922\" data-element_type=\"widget\" data-e-type=\"widget\" data-widget_type=\"icon-list.default\">\n\t\t\t\t<div class=\"elementor-widget-container\">\n\t\t\t\t\t\t\t<ul class=\"elementor-icon-list-items\">\n\t\t\t\t\t\t\t<li class=\"elementor-icon-list-item\">\n\t\t\t\t\t\t\t\t\t\t\t<a href=\"https:\/\/www.brainlit.com\/wp-content\/uploads\/2023\/03\/Code-of-Conduct2.pdf\">\n\n\t\t\t\t\t\t\t\t\t\t\t\t<span class=\"elementor-icon-list-icon\">\n\t\t\t\t\t\t\t<i aria-hidden=\"true\" class=\"far fa-file-pdf\"><\/i>\t\t\t\t\t\t<\/span>\n\t\t\t\t\t\t\t\t\t\t<span class=\"elementor-icon-list-text\">Code of conduct<\/span>\n\t\t\t\t\t\t\t\t\t\t\t<\/a>\n\t\t\t\t\t\t\t\t\t<\/li>\n\t\t\t\t\t\t<\/ul>\n\t\t\t\t\t\t<\/div>\n\t\t\t\t<\/div>\n\t\t\t\t<div class=\"elementor-element elementor-element-2d8fc4d elementor-align-center elementor-icon-list--layout-traditional elementor-list-item-link-full_width elementor-widget elementor-widget-icon-list\" data-id=\"2d8fc4d\" data-element_type=\"widget\" data-e-type=\"widget\" data-widget_type=\"icon-list.default\">\n\t\t\t\t<div class=\"elementor-widget-container\">\n\t\t\t\t\t<style>.elementor-element-2d8fc4d{display:none !important}<\/style>\t\t\t\t<\/div>\n\t\t\t\t<\/div>\n\t\t\t\t<div class=\"elementor-element elementor-element-0b11991 elementor-align-center elementor-icon-list--layout-traditional elementor-list-item-link-full_width elementor-widget elementor-widget-icon-list\" data-id=\"0b11991\" data-element_type=\"widget\" data-e-type=\"widget\" data-widget_type=\"icon-list.default\">\n\t\t\t\t<div class=\"elementor-widget-container\">\n\t\t\t\t\t\t\t<ul class=\"elementor-icon-list-items\">\n\t\t\t\t\t\t\t<li class=\"elementor-icon-list-item\">\n\t\t\t\t\t\t\t\t\t\t\t<a href=\"https:\/\/www.brainlit.com\/wp-content\/uploads\/2023\/03\/Code-of-Conduct_Supplier.pdf\">\n\n\t\t\t\t\t\t\t\t\t\t\t\t<span class=\"elementor-icon-list-icon\">\n\t\t\t\t\t\t\t<i aria-hidden=\"true\" class=\"far fa-file-pdf\"><\/i>\t\t\t\t\t\t<\/span>\n\t\t\t\t\t\t\t\t\t\t<span class=\"elementor-icon-list-text\">Code of conduct, Leverant\u00f6rer<\/span>\n\t\t\t\t\t\t\t\t\t\t\t<\/a>\n\t\t\t\t\t\t\t\t\t<\/li>\n\t\t\t\t\t\t<\/ul>\n\t\t\t\t\t\t<\/div>\n\t\t\t\t<\/div>\n\t\t\t\t\t<\/div>\n\t\t<\/div>\n\t\t\t\t\t<\/div>\n\t\t<\/section>\n\t\t\t\t\t<\/div>\n\t\t<\/div>\n\t\t\t\t\t<\/div>\n\t\t<\/section>\n\t\t\t\t<\/div>","protected":false},"excerpt":{"rendered":"<p>Vi \u00e4r stolta \u00f6ver v\u00e5r engagemang f\u00f6r h\u00e5llbarhet och ansvarstagande i allt vi g\u00f6r och vi str\u00e4var efter att hj\u00e4lpa v\u00e5ra kunder att f\u00f6rb\u00e4ttra sina belysningsmilj\u00f6er p\u00e5 ett h\u00e5llbart s\u00e4tt.\u00a0<\/p>","protected":false},"author":2,"featured_media":0,"parent":571,"menu_order":0,"comment_status":"closed","ping_status":"closed","template":"","meta":{"footnotes":""},"class_list":["post-617","page","type-page","status-publish","hentry"],"_links":{"self":[{"href":"https:\/\/www.brainlit.com\/sv\/wp-json\/wp\/v2\/pages\/617","targetHints":{"allow":["GET"]}}],"collection":[{"href":"https:\/\/www.brainlit.com\/sv\/wp-json\/wp\/v2\/pages"}],"about":[{"href":"https:\/\/www.brainlit.com\/sv\/wp-json\/wp\/v2\/types\/page"}],"author":[{"embeddable":true,"href":"https:\/\/www.brainlit.com\/sv\/wp-json\/wp\/v2\/users\/2"}],"replies":[{"embeddable":true,"href":"https:\/\/www.brainlit.com\/sv\/wp-json\/wp\/v2\/comments?post=617"}],"version-history":[{"count":0,"href":"https:\/\/www.brainlit.com\/sv\/wp-json\/wp\/v2\/pages\/617\/revisions"}],"up":[{"embeddable":true,"href":"https:\/\/www.brainlit.com\/sv\/wp-json\/wp\/v2\/pages\/571"}],"wp:attachment":[{"href":"https:\/\/www.brainlit.com\/sv\/wp-json\/wp\/v2\/media?parent=617"}],"curies":[{"name":"wp","href":"https:\/\/api.w.org\/{rel}","templated":true}]}}