{"id":5705,"date":"2020-04-17T10:38:47","date_gmt":"2020-04-17T08:38:47","guid":{"rendered":"https:\/\/test2.brainlit.cust.commerz.se\/?page_id=5705"},"modified":"2023-03-16T15:21:44","modified_gmt":"2023-03-16T14:21:44","slug":"web-policy","status":"publish","type":"page","link":"https:\/\/www.brainlit.com\/sv\/legal\/web-policy\/","title":{"rendered":"Webbpolicy"},"content":{"rendered":"<div data-elementor-type=\"wp-page\" data-elementor-id=\"5705\" class=\"elementor elementor-5705\" data-elementor-post-type=\"page\">\n\t\t\t\t\t\t<section class=\"elementor-section elementor-top-section elementor-element elementor-element-62b8286 elementor-section-boxed elementor-section-height-default elementor-section-height-default\" data-id=\"62b8286\" data-element_type=\"section\" data-e-type=\"section\">\n\t\t\t\t\t\t<div class=\"elementor-container elementor-column-gap-default\">\n\t\t\t\t\t<div class=\"aux-parallax-section elementor-column elementor-col-100 elementor-top-column elementor-element elementor-element-501cdad\" data-id=\"501cdad\" data-element_type=\"column\" data-e-type=\"column\">\n\t\t\t<div class=\"elementor-widget-wrap\">\n\t\t\t\t\t\t\t<\/div>\n\t\t<\/div>\n\t\t\t\t\t<\/div>\n\t\t<\/section>\n\t\t\t\t<section class=\"elementor-section elementor-top-section elementor-element elementor-element-9ed88f0 elementor-section-full_width elementor-section-stretched elementor-section-height-default elementor-section-height-default\" data-id=\"9ed88f0\" data-element_type=\"section\" data-e-type=\"section\" data-settings=\"{&quot;stretch_section&quot;:&quot;section-stretched&quot;}\">\n\t\t\t\t\t\t<div class=\"elementor-container elementor-column-gap-default\">\n\t\t\t\t\t<div class=\"aux-parallax-section elementor-column elementor-col-100 elementor-top-column elementor-element elementor-element-6c9b575\" data-id=\"6c9b575\" data-element_type=\"column\" data-e-type=\"column\">\n\t\t\t<div class=\"elementor-widget-wrap elementor-element-populated\">\n\t\t\t\t\t\t<div class=\"elementor-element elementor-element-536ddf4 elementor-widget elementor-widget-heading\" data-id=\"536ddf4\" data-element_type=\"widget\" data-e-type=\"widget\" data-widget_type=\"heading.default\">\n\t\t\t\t<div class=\"elementor-widget-container\">\n\t\t\t\t\t<h1 class=\"elementor-heading-title elementor-size-default\">Webbpolicy<\/h1>\t\t\t\t<\/div>\n\t\t\t\t<\/div>\n\t\t\t\t\t<\/div>\n\t\t<\/div>\n\t\t\t\t\t<\/div>\n\t\t<\/section>\n\t\t\t\t<section class=\"elementor-section elementor-top-section elementor-element elementor-element-4cf742c elementor-section-stretched elementor-section-boxed elementor-section-height-default elementor-section-height-default\" data-id=\"4cf742c\" data-element_type=\"section\" data-e-type=\"section\" data-settings=\"{&quot;stretch_section&quot;:&quot;section-stretched&quot;}\">\n\t\t\t\t\t\t<div class=\"elementor-container elementor-column-gap-default\">\n\t\t\t\t\t<div class=\"aux-parallax-section elementor-column elementor-col-100 elementor-top-column elementor-element elementor-element-92ec77c\" data-id=\"92ec77c\" data-element_type=\"column\" data-e-type=\"column\">\n\t\t\t<div class=\"elementor-widget-wrap elementor-element-populated\">\n\t\t\t\t\t\t<div class=\"elementor-element elementor-element-f7939e5 elementor-widget elementor-widget-heading\" data-id=\"f7939e5\" data-element_type=\"widget\" data-e-type=\"widget\" data-widget_type=\"heading.default\">\n\t\t\t\t<div class=\"elementor-widget-container\">\n\t\t\t\t\t<h2 class=\"elementor-heading-title elementor-size-default\">Juridiskt ansvar<\/h2>\t\t\t\t<\/div>\n\t\t\t\t<\/div>\n\t\t\t\t<div class=\"elementor-element elementor-element-1cccfef elementor-widget elementor-widget-text-editor\" data-id=\"1cccfef\" data-element_type=\"widget\" data-e-type=\"widget\" data-widget_type=\"text-editor.default\">\n\t\t\t\t<div class=\"elementor-widget-container\">\n\t\t\t\t\t\t\t\t\t<p class=\"p1\"><span class=\"s1\">Detta \u00e4r allm\u00e4n information om juridiskt ansvar f\u00f6r BrainLits webbplats www.brainlit.com<span class=\"s2\">it.com<\/span>. Observera att det kan finnas annat juridiskt ansvar och information p\u00e5 enskilda webbplatser f\u00f6r f\u00f6retag inom BrainLit.<\/span><\/p><p class=\"p1\"><span class=\"s1\">Den information som publiceras p\u00e5 denna webbplats tillhandah\u00e5lls av BrainLit AB och dess dotterbolag (\"BrainLit\") endast i informationssyfte och ska inte tolkas som r\u00e5d eller rekommendationer, och denna webbplats ska inte anv\u00e4ndas som grund f\u00f6r beslut eller \u00e5tg\u00e4rder. Inneh\u00e5llet \u00e4r kanske inte helt\u00e4ckande eller uppdaterat. All information tillhandah\u00e5lls i god tro men UTAN VILLKOR AV N\u00c5GOT TYP, UTTRYCKLIGT ELLER IMPLICERAT, och all anv\u00e4ndning av information eller material som finns p\u00e5 denna webbplats sker p\u00e5 anv\u00e4ndarens egen risk.\u00a0<a href=\"https:\/\/www.getinge.com\/int\/legal\/web-policy\/#_msocom_1\" target=\"_blank\" rel=\"noopener\"><br \/><\/a><\/span><\/p><p class=\"p1\"><span class=\"s1\">Ingenting p\u00e5 denna webbplats ska anses utg\u00f6ra en uppmaning att investera eller p\u00e5 annat s\u00e4tt handla med v\u00e4rdepapper i BrainLit. De faktiska resultaten och utvecklingen kan skilja sig v\u00e4sentligt fr\u00e5n de fram\u00e5tblickande uttalanden som g\u00f6rs p\u00e5 denna webbplats (se nedan). Tidigare kursutveckling av v\u00e4rdepapper f\u00e5r inte anv\u00e4ndas som en v\u00e4gledning f\u00f6r framtida utveckling.<\/span><\/p><p class=\"p1\"><span class=\"s1\">BrainLit garanterar inte att tillg\u00e5ngen till denna webbplats kommer att vara tillg\u00e4nglig hela tiden, eller att denna webbplats eller den server som g\u00f6r den tillg\u00e4nglig \u00e4r fri fr\u00e5n virus eller andra skadliga komponenter.<\/span><\/p><p class=\"p1\"><span class=\"s1\">Genom att anv\u00e4nda denna webbplats godk\u00e4nner du de villkor som anges h\u00e4r. Du b\u00f6r d\u00e4rf\u00f6r noggrant l\u00e4sa igenom denna webbpolicy i sin helhet innan du b\u00f6rjar anv\u00e4nda webbplatsen och d\u00e4refter regelbundet, eftersom BrainLit kan komma att g\u00f6ra \u00e4ndringar och uppdateringar av denna.<\/span><\/p>\t\t\t\t\t\t\t\t<\/div>\n\t\t\t\t<\/div>\n\t\t\t\t\t<\/div>\n\t\t<\/div>\n\t\t\t\t\t<\/div>\n\t\t<\/section>\n\t\t\t\t<section class=\"elementor-section elementor-top-section elementor-element elementor-element-58d09e9 elementor-section-stretched elementor-section-boxed elementor-section-height-default elementor-section-height-default\" data-id=\"58d09e9\" data-element_type=\"section\" data-e-type=\"section\" data-settings=\"{&quot;stretch_section&quot;:&quot;section-stretched&quot;}\">\n\t\t\t\t\t\t<div class=\"elementor-container elementor-column-gap-default\">\n\t\t\t\t\t<div class=\"aux-parallax-section elementor-column elementor-col-100 elementor-top-column elementor-element elementor-element-d63ba99\" data-id=\"d63ba99\" data-element_type=\"column\" data-e-type=\"column\">\n\t\t\t<div class=\"elementor-widget-wrap elementor-element-populated\">\n\t\t\t\t\t\t<div class=\"elementor-element elementor-element-fae552e elementor-widget elementor-widget-heading\" data-id=\"fae552e\" data-element_type=\"widget\" data-e-type=\"widget\" data-widget_type=\"heading.default\">\n\t\t\t\t<div class=\"elementor-widget-container\">\n\t\t\t\t\t<h2 class=\"elementor-heading-title elementor-size-default\">Fram\u00e5tblickande uttalanden<\/h2>\t\t\t\t<\/div>\n\t\t\t\t<\/div>\n\t\t\t\t<div class=\"elementor-element elementor-element-f01265b elementor-widget elementor-widget-text-editor\" data-id=\"f01265b\" data-element_type=\"widget\" data-e-type=\"widget\" data-widget_type=\"text-editor.default\">\n\t\t\t\t<div class=\"elementor-widget-container\">\n\t\t\t\t\t\t\t\t\t<p class=\"p1\">Denna webbplats kan inneh\u00e5lla vissa fram\u00e5tblickande uttalanden om framtida verksamhet, resultat eller marknadsf\u00f6rh\u00e5llanden. S\u00e5dana fram\u00e5tblickande uttalanden har baserats p\u00e5 v\u00e5ra \u00e5sikter och f\u00f6rv\u00e4ntningar om framtida h\u00e4ndelser endast vid den tidpunkt d\u00e5 uttalandena gjordes. Det kan inte garanteras att s\u00e5dana f\u00f6rv\u00e4ntningar kommer att f\u00f6rverkligas. Eftersom framtidsinriktade uttalanden innefattar antaganden och uppskattningar som \u00e4r f\u00f6rem\u00e5l f\u00f6r k\u00e4nda och ok\u00e4nda risker och os\u00e4kerheter, kan utfallet skilja sig v\u00e4sentligt fr\u00e5n vad som anges i uttalandena. Vi \u00e5tar oss ingen skyldighet att offentligt uppdatera eller revidera fram\u00e5triktade uttalanden, vare sig till f\u00f6ljd av ny information, framtida h\u00e4ndelser eller p\u00e5 annat s\u00e4tt, f\u00f6rutom om det kr\u00e4vs enligt lag eller b\u00f6rsregler.<\/p>\t\t\t\t\t\t\t\t<\/div>\n\t\t\t\t<\/div>\n\t\t\t\t\t<\/div>\n\t\t<\/div>\n\t\t\t\t\t<\/div>\n\t\t<\/section>\n\t\t\t\t<section class=\"elementor-section elementor-top-section elementor-element elementor-element-024d8ce elementor-section-stretched elementor-section-boxed elementor-section-height-default elementor-section-height-default\" data-id=\"024d8ce\" data-element_type=\"section\" data-e-type=\"section\" data-settings=\"{&quot;stretch_section&quot;:&quot;section-stretched&quot;}\">\n\t\t\t\t\t\t<div class=\"elementor-container elementor-column-gap-default\">\n\t\t\t\t\t<div class=\"aux-parallax-section elementor-column elementor-col-100 elementor-top-column elementor-element elementor-element-2b1bc35\" data-id=\"2b1bc35\" data-element_type=\"column\" data-e-type=\"column\">\n\t\t\t<div class=\"elementor-widget-wrap elementor-element-populated\">\n\t\t\t\t\t\t<div class=\"elementor-element elementor-element-996af96 elementor-widget elementor-widget-heading\" data-id=\"996af96\" data-element_type=\"widget\" data-e-type=\"widget\" data-widget_type=\"heading.default\">\n\t\t\t\t<div class=\"elementor-widget-container\">\n\t\t\t\t\t<h2 class=\"elementor-heading-title elementor-size-default\">Upphovsr\u00e4tt och varum\u00e4rken<\/h2>\t\t\t\t<\/div>\n\t\t\t\t<\/div>\n\t\t\t\t<div class=\"elementor-element elementor-element-cca34af elementor-widget elementor-widget-text-editor\" data-id=\"cca34af\" data-element_type=\"widget\" data-e-type=\"widget\" data-widget_type=\"text-editor.default\">\n\t\t\t\t<div class=\"elementor-widget-container\">\n\t\t\t\t\t\t\t\t\t<p class=\"p1\"><span class=\"s1\">Om inte annat anges \u00e4r inneh\u00e5llet p\u00e5 denna webbplats upphovsr\u00e4tt, relaterad r\u00e4tt eller annan immateriell r\u00e4ttighet som tillh\u00f6r BrainLit. Detta g\u00e4ller \u00e4ven varum\u00e4rket \"BrainLit\" och andra logotyper och varum\u00e4rken som kan f\u00f6rekomma p\u00e5 denna webbplats. BrainLits logotyper, varum\u00e4rken, upphovsr\u00e4ttsskyddade verk och relaterade r\u00e4ttigheter f\u00e5r inte anv\u00e4ndas eller reproduceras utan v\u00e5rt skriftliga f\u00f6rhandsgodk\u00e4nnande. Alla r\u00e4ttigheter f\u00f6rbeh\u00e5llna.<\/span><\/p><p class=\"p1\"><span class=\"s1\">Om du skickar information eller material till oss via den h\u00e4r webbplatsen b\u00f6r du notera att BrainLit kan anv\u00e4nda s\u00e5dan information och s\u00e5dant material \u00f6ver hela v\u00e4rlden, utan tidsbegr\u00e4nsning (eller \u00e5tminstone i 50 \u00e5r), g\u00f6ra \u00e4ndringar i dem, publicera dem och kan \u00e4ven \u00f6verf\u00f6ra och p\u00e5 annat s\u00e4tt f\u00f6rfoga \u00f6ver dem till tredje part. Ingen ers\u00e4ttning kommer att betalas till dig f\u00f6r s\u00e5dan anv\u00e4ndning. Genom att skicka information eller material till oss via denna webbplats godk\u00e4nner du BrainLits ovann\u00e4mnda anv\u00e4ndning och garanterar att du har r\u00e4tt att skicka informationen eller materialet till BrainLit i enlighet med detta.<\/span><\/p>\t\t\t\t\t\t\t\t<\/div>\n\t\t\t\t<\/div>\n\t\t\t\t\t<\/div>\n\t\t<\/div>\n\t\t\t\t\t<\/div>\n\t\t<\/section>\n\t\t\t\t<section class=\"elementor-section elementor-top-section elementor-element elementor-element-914d292 elementor-section-stretched elementor-section-boxed elementor-section-height-default elementor-section-height-default\" data-id=\"914d292\" data-element_type=\"section\" data-e-type=\"section\" data-settings=\"{&quot;stretch_section&quot;:&quot;section-stretched&quot;}\">\n\t\t\t\t\t\t<div class=\"elementor-container elementor-column-gap-default\">\n\t\t\t\t\t<div class=\"aux-parallax-section elementor-column elementor-col-100 elementor-top-column elementor-element elementor-element-1c14088\" data-id=\"1c14088\" data-element_type=\"column\" data-e-type=\"column\">\n\t\t\t<div class=\"elementor-widget-wrap elementor-element-populated\">\n\t\t\t\t\t\t<div class=\"elementor-element elementor-element-904f483 elementor-widget elementor-widget-heading\" data-id=\"904f483\" data-element_type=\"widget\" data-e-type=\"widget\" data-widget_type=\"heading.default\">\n\t\t\t\t<div class=\"elementor-widget-container\">\n\t\t\t\t\t<h2 class=\"elementor-heading-title elementor-size-default\">Meddelande om uppgiftsskydd<\/h2>\t\t\t\t<\/div>\n\t\t\t\t<\/div>\n\t\t\t\t<div class=\"elementor-element elementor-element-e6cbcad elementor-widget elementor-widget-text-editor\" data-id=\"e6cbcad\" data-element_type=\"widget\" data-e-type=\"widget\" data-widget_type=\"text-editor.default\">\n\t\t\t\t<div class=\"elementor-widget-container\">\n\t\t\t\t\t\t\t\t\t<p class=\"p1\"><span class=\"s1\">Personuppgifter (t.ex. namn, adress, telefonnummer, e-postadress, IP-adress) och icke-personuppgifter (t.ex. ditt operativsystem och din webbl\u00e4sare) som l\u00e4mnas till BrainLit AB via denna webbplats kommer endast att anv\u00e4ndas av f\u00f6retag inom BrainLit, dess underleverant\u00f6rer och tj\u00e4nsteleverant\u00f6rer.<\/span><\/p><p class=\"p1\"><span class=\"s1\">P\u00e5 BrainLits webbplats kan du bland annat anv\u00e4nda kontaktformul\u00e4r f\u00f6r att kontakta BrainLit, prenumerera p\u00e5 pressmeddelanden och skicka in jobbans\u00f6kningar. N\u00e4r du kontaktar, prenumererar eller l\u00e4mnar s\u00e5dana ans\u00f6kningar ber vi dig att ange de uppgifter som \u00e4r n\u00f6dv\u00e4ndiga f\u00f6r att vi ska kunna uppfylla din beg\u00e4ran och eventuella framtida kontakter om samma fr\u00e5ga eller, om s\u00e5 \u00f6verenskommits, andra fr\u00e5gor (<i>t.ex.<\/i>namn, e-post, telefonnummer och annat). BrainLit anv\u00e4nder dina personuppgifter endast f\u00f6r att uppfylla dessa relevanta syften. Observera vidare att om du har prenumererat p\u00e5 v\u00e5ra pressmeddelanden och om du v\u00e4ljer att avsluta din prenumeration kommer dina personuppgifter att raderas.<\/span><\/p><p class=\"p1\"><span class=\"s1\">F\u00f6r att b\u00e4ttre f\u00f6rst\u00e5 beteendet och behoven hos bes\u00f6karna p\u00e5 denna webbplats kan BrainLit, dess underleverant\u00f6rer och tj\u00e4nsteleverant\u00f6rer ocks\u00e5 behandla dina personuppgifter f\u00f6r att \u00f6vervaka anv\u00e4ndningen av webbplatsen, registrera trafiken till och fr\u00e5n webbplatsen och f\u00f6r att unders\u00f6ka och utv\u00e4rdera anv\u00e4ndarnas demografi, geografiska l\u00e4ge, intressen och beteende n\u00e4r det g\u00e4ller BrainLits webbplats och nuvarande och framtida produkter. F\u00f6r att undvika tvivel \u00e4r demografi, geografisk plats, intressen och beteende inte kopplade till n\u00e5gon specifik enskild person och registreringen kan n\u00e4r som helst avaktiveras i webbl\u00e4sarens inst\u00e4llningar.<\/span><\/p><p class=\"p1\"><span class=\"s1\">Behandlingen av dina personuppgifter kan inbegripa \u00f6verf\u00f6ringar utanf\u00f6r EES till jurisdiktioner som kanske inte har en adekvat skyddsniv\u00e5. Genom att anv\u00e4nda denna webbplats godk\u00e4nner du den anv\u00e4ndning av dina personuppgifter som beskrivs i denna webbpolicy (inklusive \u00f6verf\u00f6ring av dina personuppgifter utanf\u00f6r EES).<\/span><\/p>\t\t\t\t\t\t\t\t<\/div>\n\t\t\t\t<\/div>\n\t\t\t\t\t<\/div>\n\t\t<\/div>\n\t\t\t\t\t<\/div>\n\t\t<\/section>\n\t\t\t\t<section class=\"elementor-section elementor-top-section elementor-element elementor-element-cab4321 elementor-section-stretched elementor-section-boxed elementor-section-height-default elementor-section-height-default\" data-id=\"cab4321\" data-element_type=\"section\" data-e-type=\"section\" data-settings=\"{&quot;stretch_section&quot;:&quot;section-stretched&quot;}\">\n\t\t\t\t\t\t<div class=\"elementor-container elementor-column-gap-default\">\n\t\t\t\t\t<div class=\"aux-parallax-section elementor-column elementor-col-100 elementor-top-column elementor-element elementor-element-709d793\" data-id=\"709d793\" data-element_type=\"column\" data-e-type=\"column\">\n\t\t\t<div class=\"elementor-widget-wrap elementor-element-populated\">\n\t\t\t\t\t\t<div class=\"elementor-element elementor-element-4a0695e elementor-widget elementor-widget-heading\" data-id=\"4a0695e\" data-element_type=\"widget\" data-e-type=\"widget\" data-widget_type=\"heading.default\">\n\t\t\t\t<div class=\"elementor-widget-container\">\n\t\t\t\t\t<h2 class=\"elementor-heading-title elementor-size-default\">Dina r\u00e4ttigheter och hur du kontaktar oss<\/h2>\t\t\t\t<\/div>\n\t\t\t\t<\/div>\n\t\t\t\t<div class=\"elementor-element elementor-element-591d7ac elementor-widget elementor-widget-text-editor\" data-id=\"591d7ac\" data-element_type=\"widget\" data-e-type=\"widget\" data-widget_type=\"text-editor.default\">\n\t\t\t\t<div class=\"elementor-widget-container\">\n\t\t\t\t\t\t\t\t\t<p class=\"p1\"><span class=\"s1\">En g\u00e5ng om \u00e5ret kan du kostnadsfritt f\u00e5 information om de personuppgifter som BrainLit behandlar och som r\u00f6r dig som registrerad. Dessutom har du alltid r\u00e4tt att i) beg\u00e4ra r\u00e4ttelse av felaktiga uppgifter, ii) \u00e4ndra uppgifter som du tidigare har l\u00e4mnat, iii) \u00e5terkalla ett beviljat samtycke och meddela att du mots\u00e4tter dig fortsatt behandling av dina personuppgifter eller att du inte vill f\u00e5 fortsatt information fr\u00e5n BrainLit. Om du \u00e5terkallar ditt samtycke kommer dina personuppgifter att raderas s\u00e5 snart som m\u00f6jligt.<\/span><\/p><p class=\"p2\"><span class=\"s1\">BrainLit AB, org.nr 556902-2014, Scheelev\u00e4gen 34, 223 63 Lund, Sverige, \u00e4r ansvarig f\u00f6r behandlingen av dina personuppgifter. V\u00e4nligen kontakta BrainLit AB om du vill ut\u00f6va n\u00e5gon av dina r\u00e4ttigheter ovan.<\/span><\/p>\t\t\t\t\t\t\t\t<\/div>\n\t\t\t\t<\/div>\n\t\t\t\t<div class=\"elementor-element elementor-element-45d5ab5 elementor-widget elementor-widget-spacer\" data-id=\"45d5ab5\" data-element_type=\"widget\" data-e-type=\"widget\" data-widget_type=\"spacer.default\">\n\t\t\t\t<div class=\"elementor-widget-container\">\n\t\t\t\t\t\t\t<div class=\"elementor-spacer\">\n\t\t\t<div class=\"elementor-spacer-inner\"><\/div>\n\t\t<\/div>\n\t\t\t\t\t\t<\/div>\n\t\t\t\t<\/div>\n\t\t\t\t\t<\/div>\n\t\t<\/div>\n\t\t\t\t\t<\/div>\n\t\t<\/section>\n\t\t\t\t<\/div>","protected":false},"excerpt":{"rendered":"<p>This is a general disclaimer in relation to BrainLit&#8217;s website www.brainlit.com. Please note that there\u00a0may be additional disclaimers and notices on the individual websites of companies within BrainLit.<\/p>","protected":false},"author":2,"featured_media":0,"parent":12035,"menu_order":0,"comment_status":"closed","ping_status":"closed","template":"","meta":{"footnotes":""},"class_list":["post-5705","page","type-page","status-publish","hentry"],"_links":{"self":[{"href":"https:\/\/www.brainlit.com\/sv\/wp-json\/wp\/v2\/pages\/5705","targetHints":{"allow":["GET"]}}],"collection":[{"href":"https:\/\/www.brainlit.com\/sv\/wp-json\/wp\/v2\/pages"}],"about":[{"href":"https:\/\/www.brainlit.com\/sv\/wp-json\/wp\/v2\/types\/page"}],"author":[{"embeddable":true,"href":"https:\/\/www.brainlit.com\/sv\/wp-json\/wp\/v2\/users\/2"}],"replies":[{"embeddable":true,"href":"https:\/\/www.brainlit.com\/sv\/wp-json\/wp\/v2\/comments?post=5705"}],"version-history":[{"count":0,"href":"https:\/\/www.brainlit.com\/sv\/wp-json\/wp\/v2\/pages\/5705\/revisions"}],"up":[{"embeddable":true,"href":"https:\/\/www.brainlit.com\/sv\/wp-json\/wp\/v2\/pages\/12035"}],"wp:attachment":[{"href":"https:\/\/www.brainlit.com\/sv\/wp-json\/wp\/v2\/media?parent=5705"}],"curies":[{"name":"wp","href":"https:\/\/api.w.org\/{rel}","templated":true}]}}