{"id":18798,"date":"2022-10-28T08:20:08","date_gmt":"2022-10-28T06:20:08","guid":{"rendered":"https:\/\/www.brainlit.com\/?page_id=18798"},"modified":"2024-09-26T13:08:38","modified_gmt":"2024-09-26T11:08:38","slug":"disinfection-lighting","status":"publish","type":"page","link":"https:\/\/www.brainlit.com\/sv\/solutions\/disinfection-lighting\/","title":{"rendered":"Belysning f\u00f6r desinfektion"},"content":{"rendered":"<div data-elementor-type=\"wp-page\" data-elementor-id=\"18798\" class=\"elementor elementor-18798\" data-elementor-post-type=\"page\">\n\t\t\t\t\t\t<section class=\"elementor-section elementor-top-section elementor-element elementor-element-8207b98 elementor-section-full_width elementor-section-stretched elementor-section-height-default elementor-section-height-default\" data-id=\"8207b98\" data-element_type=\"section\" data-e-type=\"section\" data-settings=\"{&quot;stretch_section&quot;:&quot;section-stretched&quot;,&quot;background_background&quot;:&quot;classic&quot;}\">\n\t\t\t\t\t\t<div class=\"elementor-container elementor-column-gap-default\">\n\t\t\t\t\t<div class=\"aux-parallax-section elementor-column elementor-col-100 elementor-top-column elementor-element elementor-element-82ae94b\" data-id=\"82ae94b\" data-element_type=\"column\" data-e-type=\"column\">\n\t\t\t<div class=\"elementor-widget-wrap elementor-element-populated\">\n\t\t\t\t\t\t<div class=\"elementor-element elementor-element-984b7b3 elementor-widget elementor-widget-heading\" data-id=\"984b7b3\" data-element_type=\"widget\" data-e-type=\"widget\" data-widget_type=\"heading.default\">\n\t\t\t\t<div class=\"elementor-widget-container\">\n\t\t\t\t\t<h1 class=\"elementor-heading-title elementor-size-default\">Belysning f\u00f6r desinfektion<\/h1>\t\t\t\t<\/div>\n\t\t\t\t<\/div>\n\t\t\t\t\t<\/div>\n\t\t<\/div>\n\t\t\t\t\t<\/div>\n\t\t<\/section>\n\t\t\t\t<section class=\"elementor-section elementor-top-section elementor-element elementor-element-2561294 elementor-section-stretched elementor-section-full_width elementor-section-height-default elementor-section-height-default\" data-id=\"2561294\" data-element_type=\"section\" data-e-type=\"section\" data-settings=\"{&quot;stretch_section&quot;:&quot;section-stretched&quot;,&quot;background_background&quot;:&quot;classic&quot;}\">\n\t\t\t\t\t\t<div class=\"elementor-container elementor-column-gap-wider\">\n\t\t\t\t\t<div class=\"aux-parallax-section elementor-column elementor-col-50 elementor-top-column elementor-element elementor-element-cd1c1e2 elementor-hidden-phone\" data-id=\"cd1c1e2\" data-element_type=\"column\" data-e-type=\"column\">\n\t\t\t<div class=\"elementor-widget-wrap elementor-element-populated\">\n\t\t\t\t\t\t<div class=\"elementor-element elementor-element-35fd189 elementor-widget elementor-widget-image\" data-id=\"35fd189\" data-element_type=\"widget\" data-e-type=\"widget\" data-widget_type=\"image.default\">\n\t\t\t\t<div class=\"elementor-widget-container\">\n\t\t\t\t\t\t\t\t\t\t\t\t\t\t\t<img fetchpriority=\"high\" decoding=\"async\" width=\"800\" height=\"800\" src=\"https:\/\/www.brainlit.com\/wp-content\/uploads\/2024\/04\/Disinfection-lighting.jpg\" class=\"attachment-full size-full wp-image-22532\" alt=\"Disinfection lighting by BrainLit\" srcset=\"https:\/\/www.brainlit.com\/wp-content\/uploads\/2024\/04\/Disinfection-lighting.jpg 800w, https:\/\/www.brainlit.com\/wp-content\/uploads\/2024\/04\/Disinfection-lighting-300x300.jpg 300w, https:\/\/www.brainlit.com\/wp-content\/uploads\/2024\/04\/Disinfection-lighting-150x150.jpg 150w, https:\/\/www.brainlit.com\/wp-content\/uploads\/2024\/04\/Disinfection-lighting-768x768.jpg 768w, https:\/\/www.brainlit.com\/wp-content\/uploads\/2024\/04\/Disinfection-lighting-12x12.jpg 12w\" sizes=\"(max-width: 800px) 100vw, 800px\" \/>\t\t\t\t\t\t\t\t\t\t\t\t\t\t\t<\/div>\n\t\t\t\t<\/div>\n\t\t\t\t\t<\/div>\n\t\t<\/div>\n\t\t\t\t<div class=\"aux-parallax-section elementor-column elementor-col-50 elementor-top-column elementor-element elementor-element-b8adccf\" data-id=\"b8adccf\" data-element_type=\"column\" data-e-type=\"column\">\n\t\t\t<div class=\"elementor-widget-wrap elementor-element-populated\">\n\t\t\t\t\t\t<div class=\"elementor-element elementor-element-9040724 elementor-widget elementor-widget-heading\" data-id=\"9040724\" data-element_type=\"widget\" data-e-type=\"widget\" data-widget_type=\"heading.default\">\n\t\t\t\t<div class=\"elementor-widget-container\">\n\t\t\t\t\t<h2 class=\"elementor-heading-title elementor-size-default\">F\u00f6r s\u00e4krare milj\u00f6er<\/h2>\t\t\t\t<\/div>\n\t\t\t\t<\/div>\n\t\t\t\t<div class=\"elementor-element elementor-element-3ba7082 elementor-widget elementor-widget-text-editor\" data-id=\"3ba7082\" data-element_type=\"widget\" data-e-type=\"widget\" data-widget_type=\"text-editor.default\">\n\t\t\t\t<div class=\"elementor-widget-container\">\n\t\t\t\t\t\t\t\t\t<p class=\"p1\">V\u00e4rlden vi lever i \u00e4r os\u00e4ker och den senaste pandemin har visat att virus och bakterier kan leva b\u00e5de i luften och p\u00e5 ytor och d\u00e4rmed spridas och p\u00e5verka v\u00e5r h\u00e4lsa. N\u00e4r vi l\u00e4r oss att leva med dessa smittoutbrott finns det en efterfr\u00e5gan p\u00e5 ett effektivt s\u00e4tt att desinficera ofta bes\u00f6kta offentliga utrymmen f\u00f6r att skydda m\u00e4nniskor fr\u00e5n skadliga patogener.<\/p>\n<p class=\"p1\">Med hj\u00e4lp av v\u00e5r erfarenhet av belysning har vi utvecklat ett unikt system som anv\u00e4nder UVC-ljus f\u00f6r att snabbt, s\u00e4kert och automatiskt desinficera b\u00e5de luft och ytor f\u00f6r att skapa en s\u00e4ker och h\u00e4lsosam milj\u00f6.<\/p>\t\t\t\t\t\t\t\t<\/div>\n\t\t\t\t<\/div>\n\t\t\t\t\t<\/div>\n\t\t<\/div>\n\t\t\t\t\t<\/div>\n\t\t<\/section>\n\t\t\t\t<section class=\"elementor-section elementor-top-section elementor-element elementor-element-216a209 elementor-section-full_width elementor-section-stretched elementor-hidden-desktop elementor-hidden-tablet elementor-section-height-default elementor-section-height-default\" data-id=\"216a209\" data-element_type=\"section\" data-e-type=\"section\" data-settings=\"{&quot;stretch_section&quot;:&quot;section-stretched&quot;}\">\n\t\t\t\t\t\t<div class=\"elementor-container elementor-column-gap-default\">\n\t\t\t\t\t<div class=\"aux-parallax-section elementor-column elementor-col-100 elementor-top-column elementor-element elementor-element-22766a9\" data-id=\"22766a9\" data-element_type=\"column\" data-e-type=\"column\">\n\t\t\t<div class=\"elementor-widget-wrap elementor-element-populated\">\n\t\t\t\t\t\t<div class=\"elementor-element elementor-element-8ec1811 elementor-widget elementor-widget-image\" data-id=\"8ec1811\" data-element_type=\"widget\" data-e-type=\"widget\" data-widget_type=\"image.default\">\n\t\t\t\t<div class=\"elementor-widget-container\">\n\t\t\t\t\t\t\t\t\t\t\t\t\t\t\t<img fetchpriority=\"high\" decoding=\"async\" width=\"800\" height=\"800\" src=\"https:\/\/www.brainlit.com\/wp-content\/uploads\/2024\/04\/Disinfection-lighting.jpg\" class=\"attachment-full size-full wp-image-22532\" alt=\"Disinfection lighting by BrainLit\" srcset=\"https:\/\/www.brainlit.com\/wp-content\/uploads\/2024\/04\/Disinfection-lighting.jpg 800w, https:\/\/www.brainlit.com\/wp-content\/uploads\/2024\/04\/Disinfection-lighting-300x300.jpg 300w, https:\/\/www.brainlit.com\/wp-content\/uploads\/2024\/04\/Disinfection-lighting-150x150.jpg 150w, https:\/\/www.brainlit.com\/wp-content\/uploads\/2024\/04\/Disinfection-lighting-768x768.jpg 768w, https:\/\/www.brainlit.com\/wp-content\/uploads\/2024\/04\/Disinfection-lighting-12x12.jpg 12w\" sizes=\"(max-width: 800px) 100vw, 800px\" \/>\t\t\t\t\t\t\t\t\t\t\t\t\t\t\t<\/div>\n\t\t\t\t<\/div>\n\t\t\t\t\t<\/div>\n\t\t<\/div>\n\t\t\t\t\t<\/div>\n\t\t<\/section>\n\t\t\t\t<section class=\"elementor-section elementor-top-section elementor-element elementor-element-61daa6d elementor-section-stretched elementor-section-boxed elementor-section-height-default elementor-section-height-default\" data-id=\"61daa6d\" data-element_type=\"section\" data-e-type=\"section\" data-settings=\"{&quot;stretch_section&quot;:&quot;section-stretched&quot;,&quot;background_background&quot;:&quot;classic&quot;}\">\n\t\t\t\t\t\t<div class=\"elementor-container elementor-column-gap-wider\">\n\t\t\t\t\t<div class=\"aux-parallax-section elementor-column elementor-col-50 elementor-top-column elementor-element elementor-element-418f498\" data-id=\"418f498\" data-element_type=\"column\" data-e-type=\"column\">\n\t\t\t<div class=\"elementor-widget-wrap elementor-element-populated\">\n\t\t\t\t\t\t<div class=\"elementor-element elementor-element-6958f29 elementor-widget elementor-widget-menu-anchor\" data-id=\"6958f29\" data-element_type=\"widget\" data-e-type=\"widget\" data-widget_type=\"menu-anchor.default\">\n\t\t\t\t<div class=\"elementor-widget-container\">\n\t\t\t\t\t\t\t<div class=\"elementor-menu-anchor\" id=\"disinfectionlighting\"><\/div>\n\t\t\t\t\t\t<\/div>\n\t\t\t\t<\/div>\n\t\t\t\t<div class=\"elementor-element elementor-element-ffade9a elementor-widget elementor-widget-heading\" data-id=\"ffade9a\" data-element_type=\"widget\" data-e-type=\"widget\" data-widget_type=\"heading.default\">\n\t\t\t\t<div class=\"elementor-widget-container\">\n\t\t\t\t\t<h1 class=\"elementor-heading-title elementor-size-default\">UVEN<\/h1>\t\t\t\t<\/div>\n\t\t\t\t<\/div>\n\t\t\t\t<div class=\"elementor-element elementor-element-9e13b81 elementor-widget elementor-widget-text-editor\" data-id=\"9e13b81\" data-element_type=\"widget\" data-e-type=\"widget\" data-widget_type=\"text-editor.default\">\n\t\t\t\t<div class=\"elementor-widget-container\">\n\t\t\t\t\t\t\t\t\t<p>UVEN \u00e4r en helt automatisk desinfektionsl\u00f6sning som inaktiverar virus och bakterier i v\u00e4lbes\u00f6kta milj\u00f6er. Ett avancerat s\u00e4kerhetssystem med radar och infrar\u00f6da sensorer identifierar att omr\u00e5det \u00e4r tomt. Systemet aktiverar sedan automatiskt en desinfektionssekvens f\u00f6r att eliminera eventuella patogener b\u00e5de fr\u00e5n luften och ytor.<\/p>\t\t\t\t\t\t\t\t<\/div>\n\t\t\t\t<\/div>\n\t\t\t\t<div class=\"elementor-element elementor-element-e06d690 elementor-mobile-align-center elementor-widget elementor-widget-button\" data-id=\"e06d690\" data-element_type=\"widget\" data-e-type=\"widget\" data-widget_type=\"button.default\">\n\t\t\t\t<div class=\"elementor-widget-container\">\n\t\t\t\t\t\t\t\t\t<div class=\"elementor-button-wrapper\">\n\t\t\t\t\t<a class=\"elementor-button elementor-button-link elementor-size-sm\" href=\"https:\/\/www.brainlit.com\/sv\/losningar\/belysning-for-desinfektion\/brainlit-uven\/\">\n\t\t\t\t\t\t<span class=\"elementor-button-content-wrapper\">\n\t\t\t\t\t\t\t\t\t<span class=\"elementor-button-text\">L\u00e4s mer<\/span>\n\t\t\t\t\t<\/span>\n\t\t\t\t\t<\/a>\n\t\t\t\t<\/div>\n\t\t\t\t\t\t\t\t<\/div>\n\t\t\t\t<\/div>\n\t\t\t\t<div class=\"elementor-element elementor-element-5210e65 elementor-hidden-desktop elementor-hidden-tablet elementor-widget elementor-widget-spacer\" data-id=\"5210e65\" data-element_type=\"widget\" data-e-type=\"widget\" data-widget_type=\"spacer.default\">\n\t\t\t\t<div class=\"elementor-widget-container\">\n\t\t\t\t\t\t\t<div class=\"elementor-spacer\">\n\t\t\t<div class=\"elementor-spacer-inner\"><\/div>\n\t\t<\/div>\n\t\t\t\t\t\t<\/div>\n\t\t\t\t<\/div>\n\t\t\t\t\t<\/div>\n\t\t<\/div>\n\t\t\t\t<div class=\"aux-parallax-section elementor-column elementor-col-50 elementor-top-column elementor-element elementor-element-c922d6f\" data-id=\"c922d6f\" data-element_type=\"column\" data-e-type=\"column\">\n\t\t\t<div class=\"elementor-widget-wrap elementor-element-populated\">\n\t\t\t\t\t\t<div class=\"elementor-element elementor-element-b4a1434 elementor-widget elementor-widget-image\" data-id=\"b4a1434\" data-element_type=\"widget\" data-e-type=\"widget\" data-widget_type=\"image.default\">\n\t\t\t\t<div class=\"elementor-widget-container\">\n\t\t\t\t\t\t\t\t\t\t\t\t\t\t\t<img decoding=\"async\" width=\"800\" height=\"800\" src=\"https:\/\/www.brainlit.com\/wp-content\/uploads\/2024\/04\/Solutions-3.jpg\" class=\"attachment-full size-full wp-image-22486\" alt=\"UVen Disinfection lighting by BrainLit\" srcset=\"https:\/\/www.brainlit.com\/wp-content\/uploads\/2024\/04\/Solutions-3.jpg 800w, https:\/\/www.brainlit.com\/wp-content\/uploads\/2024\/04\/Solutions-3-300x300.jpg 300w, https:\/\/www.brainlit.com\/wp-content\/uploads\/2024\/04\/Solutions-3-150x150.jpg 150w, https:\/\/www.brainlit.com\/wp-content\/uploads\/2024\/04\/Solutions-3-768x768.jpg 768w, https:\/\/www.brainlit.com\/wp-content\/uploads\/2024\/04\/Solutions-3-12x12.jpg 12w\" sizes=\"(max-width: 800px) 100vw, 800px\" \/>\t\t\t\t\t\t\t\t\t\t\t\t\t\t\t<\/div>\n\t\t\t\t<\/div>\n\t\t\t\t\t<\/div>\n\t\t<\/div>\n\t\t\t\t\t<\/div>\n\t\t<\/section>\n\t\t\t\t<\/div>","protected":false},"excerpt":{"rendered":"<p>Disinfection lighting For safer environments The world we live in is uncertain and the recent pandemic has highlighted the fact that viruses and bacteria can live both in the air and on surfaces and thereby spread and affect our health. As we learn to live with these infection outbreaks there is demand for an efficient [&hellip;]<\/p>\n","protected":false},"author":2,"featured_media":0,"parent":566,"menu_order":0,"comment_status":"closed","ping_status":"closed","template":"","meta":{"footnotes":""},"class_list":["post-18798","page","type-page","status-publish","hentry"],"_links":{"self":[{"href":"https:\/\/www.brainlit.com\/sv\/wp-json\/wp\/v2\/pages\/18798","targetHints":{"allow":["GET"]}}],"collection":[{"href":"https:\/\/www.brainlit.com\/sv\/wp-json\/wp\/v2\/pages"}],"about":[{"href":"https:\/\/www.brainlit.com\/sv\/wp-json\/wp\/v2\/types\/page"}],"author":[{"embeddable":true,"href":"https:\/\/www.brainlit.com\/sv\/wp-json\/wp\/v2\/users\/2"}],"replies":[{"embeddable":true,"href":"https:\/\/www.brainlit.com\/sv\/wp-json\/wp\/v2\/comments?post=18798"}],"version-history":[{"count":0,"href":"https:\/\/www.brainlit.com\/sv\/wp-json\/wp\/v2\/pages\/18798\/revisions"}],"up":[{"embeddable":true,"href":"https:\/\/www.brainlit.com\/sv\/wp-json\/wp\/v2\/pages\/566"}],"wp:attachment":[{"href":"https:\/\/www.brainlit.com\/sv\/wp-json\/wp\/v2\/media?parent=18798"}],"curies":[{"name":"wp","href":"https:\/\/api.w.org\/{rel}","templated":true}]}}